{"id":3551,"date":"2019-10-17T00:29:26","date_gmt":"2019-10-16T23:29:26","guid":{"rendered":"http:\/\/www.vegas-bowling.de\/os\/?page_id=3551"},"modified":"2025-09-30T21:41:35","modified_gmt":"2025-09-30T20:41:35","slug":"moonlightbowling","status":"publish","type":"page","link":"https:\/\/www.vegas-bowling.de\/os\/moonlightbowling\/","title":{"rendered":"Bowling &#038; Animation"},"content":{"rendered":"<div style=\"padding-left: 275px; line-height: 130%; font-size: 12.0pt; font-family: Arial, sans-serif;\">\r\n<p>Bowling mit Moderation und Animation<\/p>\r\n<p>&nbsp;<\/p>\r\n<p style=\"font-size: 15.0pt;\">Freitag und Samstag jeweils ab 21:00 Uhr <\/p>\r\n<p>&nbsp;<\/p>\r\n<p>Auch bei bester Planung kann der Moderator kurzfristig ausfallen.<br \/>\r\nAu\u00dferdem ist es in den Sommermonaten nicht garantiert, nur wenn gen\u00fcgend Bahnen reserviert sind und ob ein Moderator zur Verf\u00fcgung steht.<br \/>\r\nAchten Sie auch auf unsere Hinweise im Popup-Fenster mit den \u00d6ffnungszeiten.<\/p>\r\n<p style=\"margin-top:10px; \">Samstag + Sonntag Nachmittag f\u00fcr die Kinder Moonlightbowling<br \/>(nur wenn gen\u00fcgend Bahnen belegt sind)<\/p>\r\n<p>&nbsp;<\/p>\r\n<p>&nbsp;<\/p>\r\n<\/div>\r\n\r\n","protected":false},"excerpt":{"rendered":"<p>Bowling mit Moderation und Animation &nbsp; Freitag und Samstag jeweils ab 21:00 Uhr &nbsp; Auch [&#8230;&#8230;]<br \/><a class=\"read-more button\" href=\"https:\/\/www.vegas-bowling.de\/os\/moonlightbowling\/\">Weiterlesen &#038; more<\/a><\/p>\n","protected":false},"author":3,"featured_media":3565,"parent":0,"menu_order":0,"comment_status":"closed","ping_status":"closed","template":"","meta":{"ngg_post_thumbnail":0,"footnotes":""},"class_list":["post-3551","page","type-page","status-publish","has-post-thumbnail","hentry"],"_links":{"self":[{"href":"https:\/\/www.vegas-bowling.de\/os\/wp-json\/wp\/v2\/pages\/3551"}],"collection":[{"href":"https:\/\/www.vegas-bowling.de\/os\/wp-json\/wp\/v2\/pages"}],"about":[{"href":"https:\/\/www.vegas-bowling.de\/os\/wp-json\/wp\/v2\/types\/page"}],"author":[{"embeddable":true,"href":"https:\/\/www.vegas-bowling.de\/os\/wp-json\/wp\/v2\/users\/3"}],"replies":[{"embeddable":true,"href":"https:\/\/www.vegas-bowling.de\/os\/wp-json\/wp\/v2\/comments?post=3551"}],"version-history":[{"count":8,"href":"https:\/\/www.vegas-bowling.de\/os\/wp-json\/wp\/v2\/pages\/3551\/revisions"}],"predecessor-version":[{"id":3619,"href":"https:\/\/www.vegas-bowling.de\/os\/wp-json\/wp\/v2\/pages\/3551\/revisions\/3619"}],"wp:featuredmedia":[{"embeddable":true,"href":"https:\/\/www.vegas-bowling.de\/os\/wp-json\/wp\/v2\/media\/3565"}],"wp:attachment":[{"href":"https:\/\/www.vegas-bowling.de\/os\/wp-json\/wp\/v2\/media?parent=3551"}],"curies":[{"name":"wp","href":"https:\/\/api.w.org\/{rel}","templated":true}]}}